{"id":7851,"date":"2025-06-26T14:59:40","date_gmt":"2025-06-26T11:59:40","guid":{"rendered":"https:\/\/agentiatas.ro\/order-summary\/"},"modified":"2026-01-21T17:51:25","modified_gmt":"2026-01-21T15:51:25","slug":"order-summary","status":"publish","type":"page","link":"https:\/\/agentiatas.ro\/en\/order-summary\/","title":{"rendered":"Order summary"},"content":{"rendered":"\t\t<div data-elementor-type=\"wp-page\" data-elementor-id=\"7851\" class=\"elementor elementor-7851 elementor-3811\" data-elementor-post-type=\"page\">\n\t\t\t\t<div class=\"elementor-element elementor-element-88114bd e-flex e-con-boxed e-con e-parent\" data-id=\"88114bd\" data-element_type=\"container\">\n\t\t\t\t\t<div class=\"e-con-inner\">\n\t\t\t\t<div class=\"elementor-element elementor-element-e0b4b01 elementor-widget elementor-widget-heading\" data-id=\"e0b4b01\" data-element_type=\"widget\" data-widget_type=\"heading.default\">\n\t\t\t\t\t<h2 class=\"elementor-heading-title elementor-size-default\">ORDER SUMMARY<\/h2>\t\t\t\t<\/div>\n\t\t\t\t\t<\/div>\n\t\t\t\t<\/div>\n\t\t<div class=\"elementor-element elementor-element-c6b3a5e e-flex e-con-boxed e-con e-parent\" data-id=\"c6b3a5e\" data-element_type=\"container\">\n\t\t\t\t\t<div class=\"e-con-inner\">\n\t\t<div class=\"elementor-element elementor-element-7d1cc30 e-con-full e-flex e-con e-child\" data-id=\"7d1cc30\" data-element_type=\"container\">\n\t\t\t\t<\/div>\n\t\t\t\t\t<\/div>\n\t\t\t\t<\/div>\n\t\t\t\t<\/div>\n\t\t","protected":false},"excerpt":{"rendered":"<p>ORDER SUMMARY<\/p>\n","protected":false},"author":1,"featured_media":0,"parent":0,"menu_order":12,"comment_status":"closed","ping_status":"closed","template":"","meta":{"_acf_changed":false,"footnotes":""},"class_list":["post-7851","page","type-page","status-publish","hentry"],"acf":[],"yoast_head":"<!-- This site is optimized with the Yoast SEO plugin v27.4 - https:\/\/yoast.com\/product\/yoast-seo-wordpress\/ -->\n<title>Sumar comand\u0103 | Agen\u021bia TAS<\/title>\n<meta name=\"description\" content=\"Vezi sumarul comenzii tale, produsele comandate pe site-ul nostru \u0219i contacteaz\u0103-ne pentru \u00eentreb\u0103ri cu privire la acestea.\" \/>\n<meta name=\"robots\" content=\"index, follow, max-snippet:-1, max-image-preview:large, max-video-preview:-1\" \/>\n<link rel=\"canonical\" href=\"https:\/\/agentiatas.ro\/en\/order-summary\/\" \/>\n<meta property=\"og:locale\" content=\"en_US\" \/>\n<meta property=\"og:type\" content=\"article\" \/>\n<meta property=\"og:title\" content=\"Sumar comand\u0103 | Agen\u021bia TAS\" \/>\n<meta property=\"og:description\" content=\"Vezi sumarul comenzii tale, produsele comandate pe site-ul nostru \u0219i contacteaz\u0103-ne pentru \u00eentreb\u0103ri cu privire la acestea.\" \/>\n<meta property=\"og:url\" content=\"https:\/\/agentiatas.ro\/en\/order-summary\/\" \/>\n<meta property=\"og:site_name\" content=\"Agentia TAS\" \/>\n<meta property=\"article:modified_time\" content=\"2026-01-21T15:51:25+00:00\" \/>\n<meta name=\"twitter:card\" content=\"summary_large_image\" \/>\n<script type=\"application\/ld+json\" class=\"yoast-schema-graph\">{\"@context\":\"https:\\\/\\\/schema.org\",\"@graph\":[{\"@type\":\"WebPage\",\"@id\":\"https:\\\/\\\/agentiatas.ro\\\/en\\\/order-summary\\\/\",\"url\":\"https:\\\/\\\/agentiatas.ro\\\/en\\\/order-summary\\\/\",\"name\":\"Sumar comand\u0103 | Agen\u021bia TAS\",\"isPartOf\":{\"@id\":\"https:\\\/\\\/agentiatas.ro\\\/en\\\/#website\"},\"datePublished\":\"2025-06-26T11:59:40+00:00\",\"dateModified\":\"2026-01-21T15:51:25+00:00\",\"description\":\"Vezi sumarul comenzii tale, produsele comandate pe site-ul nostru \u0219i contacteaz\u0103-ne pentru \u00eentreb\u0103ri cu privire la acestea.\",\"breadcrumb\":{\"@id\":\"https:\\\/\\\/agentiatas.ro\\\/en\\\/order-summary\\\/#breadcrumb\"},\"inLanguage\":\"en-US\",\"potentialAction\":[{\"@type\":\"ReadAction\",\"target\":[\"https:\\\/\\\/agentiatas.ro\\\/en\\\/order-summary\\\/\"]}]},{\"@type\":\"BreadcrumbList\",\"@id\":\"https:\\\/\\\/agentiatas.ro\\\/en\\\/order-summary\\\/#breadcrumb\",\"itemListElement\":[{\"@type\":\"ListItem\",\"position\":1,\"name\":\"Home\",\"item\":\"https:\\\/\\\/agentiatas.ro\\\/en\\\/\"},{\"@type\":\"ListItem\",\"position\":2,\"name\":\"Order summary\"}]},{\"@type\":\"WebSite\",\"@id\":\"https:\\\/\\\/agentiatas.ro\\\/en\\\/#website\",\"url\":\"https:\\\/\\\/agentiatas.ro\\\/en\\\/\",\"name\":\"Agentia TAS\",\"description\":\"\",\"publisher\":{\"@id\":\"https:\\\/\\\/agentiatas.ro\\\/en\\\/#organization\"},\"potentialAction\":[{\"@type\":\"SearchAction\",\"target\":{\"@type\":\"EntryPoint\",\"urlTemplate\":\"https:\\\/\\\/agentiatas.ro\\\/en\\\/?s={search_term_string}\"},\"query-input\":{\"@type\":\"PropertyValueSpecification\",\"valueRequired\":true,\"valueName\":\"search_term_string\"}}],\"inLanguage\":\"en-US\"},{\"@type\":\"Organization\",\"@id\":\"https:\\\/\\\/agentiatas.ro\\\/en\\\/#organization\",\"name\":\"Agentia TAS\",\"url\":\"https:\\\/\\\/agentiatas.ro\\\/en\\\/\",\"logo\":{\"@type\":\"ImageObject\",\"inLanguage\":\"en-US\",\"@id\":\"https:\\\/\\\/agentiatas.ro\\\/en\\\/#\\\/schema\\\/logo\\\/image\\\/\",\"url\":\"https:\\\/\\\/agentiatas.ro\\\/wp-content\\\/uploads\\\/2025\\\/01\\\/asset_11.svg\",\"contentUrl\":\"https:\\\/\\\/agentiatas.ro\\\/wp-content\\\/uploads\\\/2025\\\/01\\\/asset_11.svg\",\"width\":172,\"height\":74,\"caption\":\"Agentia TAS\"},\"image\":{\"@id\":\"https:\\\/\\\/agentiatas.ro\\\/en\\\/#\\\/schema\\\/logo\\\/image\\\/\"}}]}<\/script>\n<!-- \/ Yoast SEO plugin. -->","yoast_head_json":{"title":"Sumar comand\u0103 | Agen\u021bia TAS","description":"Vezi sumarul comenzii tale, produsele comandate pe site-ul nostru \u0219i contacteaz\u0103-ne pentru \u00eentreb\u0103ri cu privire la acestea.","robots":{"index":"index","follow":"follow","max-snippet":"max-snippet:-1","max-image-preview":"max-image-preview:large","max-video-preview":"max-video-preview:-1"},"canonical":"https:\/\/agentiatas.ro\/en\/order-summary\/","og_locale":"en_US","og_type":"article","og_title":"Sumar comand\u0103 | Agen\u021bia TAS","og_description":"Vezi sumarul comenzii tale, produsele comandate pe site-ul nostru \u0219i contacteaz\u0103-ne pentru \u00eentreb\u0103ri cu privire la acestea.","og_url":"https:\/\/agentiatas.ro\/en\/order-summary\/","og_site_name":"Agentia TAS","article_modified_time":"2026-01-21T15:51:25+00:00","twitter_card":"summary_large_image","schema":{"@context":"https:\/\/schema.org","@graph":[{"@type":"WebPage","@id":"https:\/\/agentiatas.ro\/en\/order-summary\/","url":"https:\/\/agentiatas.ro\/en\/order-summary\/","name":"Sumar comand\u0103 | Agen\u021bia TAS","isPartOf":{"@id":"https:\/\/agentiatas.ro\/en\/#website"},"datePublished":"2025-06-26T11:59:40+00:00","dateModified":"2026-01-21T15:51:25+00:00","description":"Vezi sumarul comenzii tale, produsele comandate pe site-ul nostru \u0219i contacteaz\u0103-ne pentru \u00eentreb\u0103ri cu privire la acestea.","breadcrumb":{"@id":"https:\/\/agentiatas.ro\/en\/order-summary\/#breadcrumb"},"inLanguage":"en-US","potentialAction":[{"@type":"ReadAction","target":["https:\/\/agentiatas.ro\/en\/order-summary\/"]}]},{"@type":"BreadcrumbList","@id":"https:\/\/agentiatas.ro\/en\/order-summary\/#breadcrumb","itemListElement":[{"@type":"ListItem","position":1,"name":"Home","item":"https:\/\/agentiatas.ro\/en\/"},{"@type":"ListItem","position":2,"name":"Order summary"}]},{"@type":"WebSite","@id":"https:\/\/agentiatas.ro\/en\/#website","url":"https:\/\/agentiatas.ro\/en\/","name":"Agentia TAS","description":"","publisher":{"@id":"https:\/\/agentiatas.ro\/en\/#organization"},"potentialAction":[{"@type":"SearchAction","target":{"@type":"EntryPoint","urlTemplate":"https:\/\/agentiatas.ro\/en\/?s={search_term_string}"},"query-input":{"@type":"PropertyValueSpecification","valueRequired":true,"valueName":"search_term_string"}}],"inLanguage":"en-US"},{"@type":"Organization","@id":"https:\/\/agentiatas.ro\/en\/#organization","name":"Agentia TAS","url":"https:\/\/agentiatas.ro\/en\/","logo":{"@type":"ImageObject","inLanguage":"en-US","@id":"https:\/\/agentiatas.ro\/en\/#\/schema\/logo\/image\/","url":"https:\/\/agentiatas.ro\/wp-content\/uploads\/2025\/01\/asset_11.svg","contentUrl":"https:\/\/agentiatas.ro\/wp-content\/uploads\/2025\/01\/asset_11.svg","width":172,"height":74,"caption":"Agentia TAS"},"image":{"@id":"https:\/\/agentiatas.ro\/en\/#\/schema\/logo\/image\/"}}]}},"_links":{"self":[{"href":"https:\/\/agentiatas.ro\/en\/wp-json\/wp\/v2\/pages\/7851","targetHints":{"allow":["GET"]}}],"collection":[{"href":"https:\/\/agentiatas.ro\/en\/wp-json\/wp\/v2\/pages"}],"about":[{"href":"https:\/\/agentiatas.ro\/en\/wp-json\/wp\/v2\/types\/page"}],"author":[{"embeddable":true,"href":"https:\/\/agentiatas.ro\/en\/wp-json\/wp\/v2\/users\/1"}],"replies":[{"embeddable":true,"href":"https:\/\/agentiatas.ro\/en\/wp-json\/wp\/v2\/comments?post=7851"}],"version-history":[{"count":1,"href":"https:\/\/agentiatas.ro\/en\/wp-json\/wp\/v2\/pages\/7851\/revisions"}],"predecessor-version":[{"id":7852,"href":"https:\/\/agentiatas.ro\/en\/wp-json\/wp\/v2\/pages\/7851\/revisions\/7852"}],"wp:attachment":[{"href":"https:\/\/agentiatas.ro\/en\/wp-json\/wp\/v2\/media?parent=7851"}],"curies":[{"name":"wp","href":"https:\/\/api.w.org\/{rel}","templated":true}]}}